{"id":1502,"date":"2022-06-09T14:43:05","date_gmt":"2022-06-09T20:43:05","guid":{"rendered":"https:\/\/polpo.thesmartestmove2022.com\/?page_id=1502"},"modified":"2023-03-24T11:48:24","modified_gmt":"2023-03-24T17:48:24","slug":"privacy-policy","status":"publish","type":"page","link":"https:\/\/polpocr.com\/es\/privacy-policy\/","title":{"rendered":"Pol\u00edtica de Privacidad"},"content":{"rendered":"<div data-elementor-type=\"wp-page\" data-elementor-id=\"1502\" class=\"elementor elementor-1502\" data-elementor-post-type=\"page\">\n\t\t\t\t\t\t<section class=\"elementor-section elementor-top-section elementor-element elementor-element-a1dad03 elementor-section-boxed elementor-section-height-default elementor-section-height-default\" data-id=\"a1dad03\" data-element_type=\"section\" data-e-type=\"section\" data-settings=\"{&quot;background_background&quot;:&quot;classic&quot;,&quot;jet_parallax_layout_list&quot;:[]}\">\n\t\t\t\t\t\t<div class=\"elementor-container elementor-column-gap-default\">\n\t\t\t\t\t<div class=\"elementor-column elementor-col-100 elementor-top-column elementor-element elementor-element-9012fa4\" data-id=\"9012fa4\" data-element_type=\"column\" data-e-type=\"column\">\n\t\t\t<div class=\"elementor-widget-wrap elementor-element-populated\">\n\t\t\t\t\t\t<div data-dce-title-color=\"#FFFFFF\" class=\"elementor-element elementor-element-d01f043 elementor-widget elementor-widget-heading\" data-id=\"d01f043\" data-element_type=\"widget\" data-e-type=\"widget\" data-widget_type=\"heading.default\">\n\t\t\t\t<div class=\"elementor-widget-container\">\n\t\t\t\t\t<h2 class=\"elementor-heading-title elementor-size-default\">POL\u00cdTICA DE PRIVACIDAD<\/h2>\t\t\t\t<\/div>\n\t\t\t\t<\/div>\n\t\t\t\t\t<\/div>\n\t\t<\/div>\n\t\t\t\t\t<\/div>\n\t\t<\/section>\n\t\t\t\t<section class=\"elementor-section elementor-top-section elementor-element elementor-element-4eff191 elementor-section-boxed elementor-section-height-default elementor-section-height-default\" data-id=\"4eff191\" data-element_type=\"section\" data-e-type=\"section\" data-settings=\"{&quot;jet_parallax_layout_list&quot;:[]}\">\n\t\t\t\t\t\t<div class=\"elementor-container elementor-column-gap-default\">\n\t\t\t\t\t<div class=\"elementor-column elementor-col-100 elementor-top-column elementor-element elementor-element-6ebb3a4\" data-id=\"6ebb3a4\" data-element_type=\"column\" data-e-type=\"column\">\n\t\t\t<div class=\"elementor-widget-wrap elementor-element-populated\">\n\t\t\t\t\t\t<div class=\"elementor-element elementor-element-0351867 elementor-widget elementor-widget-text-editor\" data-id=\"0351867\" data-element_type=\"widget\" data-e-type=\"widget\" data-widget_type=\"text-editor.default\">\n\t\t\t\t<div class=\"elementor-widget-container\">\n\t\t\t\t\t\t\t\t\t<p>CONOCEMOS LA IMPORTANCIA DE MANTENER SU INFORMACI\u00d3N CONFIDENCIAL, TANTO PARA USTEDES COMO PARA NOSOTROS.<\/p><p>POR ELLO, EN FCC DATA ANALYTICS &amp; SOFTWARE DEVELOPMENT SOCIEDAD AN\u00d3NIMA LE BRINDAMOS LA SEGURIDAD QUE LA INFORMACI\u00d3N QUE USTED NOS HA CONFIADO SER\u00c1 UTILIZADA \u00daNICAMENTE PARA PROP\u00d3SITOS DE MERCADEO O PROMOCIONALES.<\/p><p>EN NING\u00daN MOMENTO, FCC DATA ANALYTICS &amp; SOFTWARE DEVELOPMENT SOCIEDAD AN\u00d3NIMA, VENDER\u00c1 O PROPORCIONAR\u00c1 A NINGUNA COMPA\u00d1\u00cdA O INTERESADO LA INFORMACI\u00d3N TOTAL O PARCIAL QUE NOS HA PROPORCIONADO.<\/p><p>SI EN CUALQUIER MOMENTO DESEA QUE BORREMOS SU INFORMACI\u00d3N DE NUESTROS REGISTROS, PUEDE COMUNICARSE CON NOSOTROS A HOLA@POLPOCR.COM, COMUNIC\u00c1NDONOS SUS NOMBRES Y APELLIDOS, AS\u00cd COMO LAS RAZONES POR LAS QUE DESEA SER EXCLUIDO DE NUESTROS REGISTROS.<\/p><p>NOS COMPROMETEMOS A MANTENER LA PRIVACIDAD DE TODA LA INFORMACI\u00d3N PROPORCIONADA POR UN USUARIO DEL SITIO DE INTERNET Y SOLAMENTE REVELARLA SI FUESE REQUERIDA POR UNA AUTORIDAD JUDICIAL COMPETENTE.<\/p>\t\t\t\t\t\t\t\t<\/div>\n\t\t\t\t<\/div>\n\t\t\t\t\t<\/div>\n\t\t<\/div>\n\t\t\t\t\t<\/div>\n\t\t<\/section>\n\t\t\t\t<\/div>","protected":false},"excerpt":{"rendered":"<p>PRIVACY POLICY WE KNOW THE IMPORTANCE OF KEEPING YOUR INFORMATION CONFIDENTIAL, BOTH FOR YOU AND FOR US. THEREFORE, AT FCC DATA ANALYTICS &amp; SOFTWARE DEVELOPMENT SOCIEDAD AN\u00d3NIMA WE PROVIDE YOU WITH THE SECURITY THAT THE INFORMATION YOU HAVE ENTRUSTED TO US WILL BE USED ONLY FOR MARKETING OR PROMOTIONAL PURPOSES. AT NO TIME, FCC DATA [&hellip;]<\/p>\n","protected":false},"author":1,"featured_media":0,"parent":0,"menu_order":8,"comment_status":"closed","ping_status":"closed","template":"elementor_header_footer","meta":{"_joinchat":[],"footnotes":""},"class_list":["post-1502","page","type-page","status-publish","hentry"],"yoast_head":"<!-- This site is optimized with the Yoast SEO plugin v27.1.1 - https:\/\/yoast.com\/product\/yoast-seo-wordpress\/ -->\n<title>Privacy Policy - POLPO<\/title>\n<meta name=\"robots\" content=\"index, follow, max-snippet:-1, max-image-preview:large, max-video-preview:-1\" \/>\n<link rel=\"canonical\" href=\"https:\/\/polpocr.com\/es\/privacy-policy\/\" \/>\n<meta property=\"og:locale\" content=\"es_ES\" \/>\n<meta property=\"og:type\" content=\"article\" \/>\n<meta property=\"og:title\" content=\"Privacy Policy - POLPO\" \/>\n<meta property=\"og:description\" content=\"PRIVACY POLICY WE KNOW THE IMPORTANCE OF KEEPING YOUR INFORMATION CONFIDENTIAL, BOTH FOR YOU AND FOR US. THEREFORE, AT FCC DATA ANALYTICS &amp; SOFTWARE DEVELOPMENT SOCIEDAD AN\u00d3NIMA WE PROVIDE YOU WITH THE SECURITY THAT THE INFORMATION YOU HAVE ENTRUSTED TO US WILL BE USED ONLY FOR MARKETING OR PROMOTIONAL PURPOSES. AT NO TIME, FCC DATA [&hellip;]\" \/>\n<meta property=\"og:url\" content=\"https:\/\/polpocr.com\/es\/privacy-policy\/\" \/>\n<meta property=\"og:site_name\" content=\"POLPO\" \/>\n<meta property=\"article:publisher\" content=\"http:\/\/facebook.com\/polpocr\/\" \/>\n<meta property=\"article:modified_time\" content=\"2023-03-24T17:48:24+00:00\" \/>\n<meta name=\"twitter:card\" content=\"summary_large_image\" \/>\n<meta name=\"twitter:label1\" content=\"Est. reading time\" \/>\n\t<meta name=\"twitter:data1\" content=\"1 minuto\" \/>\n<script type=\"application\/ld+json\" class=\"yoast-schema-graph\">{\"@context\":\"https:\/\/schema.org\",\"@graph\":[{\"@type\":\"WebPage\",\"@id\":\"https:\/\/polpocr.com\/privacy-policy\/\",\"url\":\"https:\/\/polpocr.com\/privacy-policy\/\",\"name\":\"Privacy Policy - POLPO\",\"isPartOf\":{\"@id\":\"https:\/\/polpocr.com\/#website\"},\"datePublished\":\"2022-06-09T20:43:05+00:00\",\"dateModified\":\"2023-03-24T17:48:24+00:00\",\"breadcrumb\":{\"@id\":\"https:\/\/polpocr.com\/privacy-policy\/#breadcrumb\"},\"inLanguage\":\"es-CR\",\"potentialAction\":[{\"@type\":\"ReadAction\",\"target\":[\"https:\/\/polpocr.com\/privacy-policy\/\"]}]},{\"@type\":\"BreadcrumbList\",\"@id\":\"https:\/\/polpocr.com\/privacy-policy\/#breadcrumb\",\"itemListElement\":[{\"@type\":\"ListItem\",\"position\":1,\"name\":\"Home\",\"item\":\"https:\/\/polpocr.com\/\"},{\"@type\":\"ListItem\",\"position\":2,\"name\":\"Privacy Policy\"}]},{\"@type\":\"WebSite\",\"@id\":\"https:\/\/polpocr.com\/#website\",\"url\":\"https:\/\/polpocr.com\/\",\"name\":\"POLPO\",\"description\":\"Data Analytics &amp; Software Development\",\"publisher\":{\"@id\":\"https:\/\/polpocr.com\/#organization\"},\"potentialAction\":[{\"@type\":\"SearchAction\",\"target\":{\"@type\":\"EntryPoint\",\"urlTemplate\":\"https:\/\/polpocr.com\/?s={search_term_string}\"},\"query-input\":{\"@type\":\"PropertyValueSpecification\",\"valueRequired\":true,\"valueName\":\"search_term_string\"}}],\"inLanguage\":\"es-CR\"},{\"@type\":\"Organization\",\"@id\":\"https:\/\/polpocr.com\/#organization\",\"name\":\"POLPO Data Analytics & Software Development\",\"url\":\"https:\/\/polpocr.com\/\",\"logo\":{\"@type\":\"ImageObject\",\"inLanguage\":\"es-CR\",\"@id\":\"https:\/\/polpocr.com\/#\/schema\/logo\/image\/\",\"url\":\"https:\/\/polpocr.com\/wp-content\/uploads\/2022\/03\/Polpo_Logo_Blue.png\",\"contentUrl\":\"https:\/\/polpocr.com\/wp-content\/uploads\/2022\/03\/Polpo_Logo_Blue.png\",\"width\":228,\"height\":54,\"caption\":\"POLPO Data Analytics & Software Development\"},\"image\":{\"@id\":\"https:\/\/polpocr.com\/#\/schema\/logo\/image\/\"},\"sameAs\":[\"http:\/\/facebook.com\/polpocr\/\",\"https:\/\/www.instagram.com\/polpocr\/\"]}]}<\/script>\n<!-- \/ Yoast SEO plugin. -->","yoast_head_json":{"title":"Privacy Policy - POLPO","robots":{"index":"index","follow":"follow","max-snippet":"max-snippet:-1","max-image-preview":"max-image-preview:large","max-video-preview":"max-video-preview:-1"},"canonical":"https:\/\/polpocr.com\/es\/privacy-policy\/","og_locale":"es_ES","og_type":"article","og_title":"Privacy Policy - POLPO","og_description":"PRIVACY POLICY WE KNOW THE IMPORTANCE OF KEEPING YOUR INFORMATION CONFIDENTIAL, BOTH FOR YOU AND FOR US. THEREFORE, AT FCC DATA ANALYTICS &amp; SOFTWARE DEVELOPMENT SOCIEDAD AN\u00d3NIMA WE PROVIDE YOU WITH THE SECURITY THAT THE INFORMATION YOU HAVE ENTRUSTED TO US WILL BE USED ONLY FOR MARKETING OR PROMOTIONAL PURPOSES. AT NO TIME, FCC DATA [&hellip;]","og_url":"https:\/\/polpocr.com\/es\/privacy-policy\/","og_site_name":"POLPO","article_publisher":"http:\/\/facebook.com\/polpocr\/","article_modified_time":"2023-03-24T17:48:24+00:00","twitter_card":"summary_large_image","twitter_misc":{"Est. reading time":"1 minuto"},"schema":{"@context":"https:\/\/schema.org","@graph":[{"@type":"WebPage","@id":"https:\/\/polpocr.com\/privacy-policy\/","url":"https:\/\/polpocr.com\/privacy-policy\/","name":"Privacy Policy - POLPO","isPartOf":{"@id":"https:\/\/polpocr.com\/#website"},"datePublished":"2022-06-09T20:43:05+00:00","dateModified":"2023-03-24T17:48:24+00:00","breadcrumb":{"@id":"https:\/\/polpocr.com\/privacy-policy\/#breadcrumb"},"inLanguage":"es-CR","potentialAction":[{"@type":"ReadAction","target":["https:\/\/polpocr.com\/privacy-policy\/"]}]},{"@type":"BreadcrumbList","@id":"https:\/\/polpocr.com\/privacy-policy\/#breadcrumb","itemListElement":[{"@type":"ListItem","position":1,"name":"Home","item":"https:\/\/polpocr.com\/"},{"@type":"ListItem","position":2,"name":"Privacy Policy"}]},{"@type":"WebSite","@id":"https:\/\/polpocr.com\/#website","url":"https:\/\/polpocr.com\/","name":"POLPO","description":"Data Analytics &amp; Software Development","publisher":{"@id":"https:\/\/polpocr.com\/#organization"},"potentialAction":[{"@type":"SearchAction","target":{"@type":"EntryPoint","urlTemplate":"https:\/\/polpocr.com\/?s={search_term_string}"},"query-input":{"@type":"PropertyValueSpecification","valueRequired":true,"valueName":"search_term_string"}}],"inLanguage":"es-CR"},{"@type":"Organization","@id":"https:\/\/polpocr.com\/#organization","name":"POLPO Data Analytics & Software Development","url":"https:\/\/polpocr.com\/","logo":{"@type":"ImageObject","inLanguage":"es-CR","@id":"https:\/\/polpocr.com\/#\/schema\/logo\/image\/","url":"https:\/\/polpocr.com\/wp-content\/uploads\/2022\/03\/Polpo_Logo_Blue.png","contentUrl":"https:\/\/polpocr.com\/wp-content\/uploads\/2022\/03\/Polpo_Logo_Blue.png","width":228,"height":54,"caption":"POLPO Data Analytics & Software Development"},"image":{"@id":"https:\/\/polpocr.com\/#\/schema\/logo\/image\/"},"sameAs":["http:\/\/facebook.com\/polpocr\/","https:\/\/www.instagram.com\/polpocr\/"]}]}},"_links":{"self":[{"href":"https:\/\/polpocr.com\/es\/wp-json\/wp\/v2\/pages\/1502","targetHints":{"allow":["GET"]}}],"collection":[{"href":"https:\/\/polpocr.com\/es\/wp-json\/wp\/v2\/pages"}],"about":[{"href":"https:\/\/polpocr.com\/es\/wp-json\/wp\/v2\/types\/page"}],"author":[{"embeddable":true,"href":"https:\/\/polpocr.com\/es\/wp-json\/wp\/v2\/users\/1"}],"replies":[{"embeddable":true,"href":"https:\/\/polpocr.com\/es\/wp-json\/wp\/v2\/comments?post=1502"}],"version-history":[{"count":3,"href":"https:\/\/polpocr.com\/es\/wp-json\/wp\/v2\/pages\/1502\/revisions"}],"predecessor-version":[{"id":4523,"href":"https:\/\/polpocr.com\/es\/wp-json\/wp\/v2\/pages\/1502\/revisions\/4523"}],"wp:attachment":[{"href":"https:\/\/polpocr.com\/es\/wp-json\/wp\/v2\/media?parent=1502"}],"curies":[{"name":"wp","href":"https:\/\/api.w.org\/{rel}","templated":true}]}}